{"id":3949,"date":"2025-05-19T09:18:41","date_gmt":"2025-05-19T09:18:41","guid":{"rendered":"https:\/\/injectis.com\/sobre-nosotros\/vacantes\/"},"modified":"2025-07-23T07:55:12","modified_gmt":"2025-07-23T07:55:12","slug":"oferta-de-trabajo","status":"publish","type":"page","link":"https:\/\/injectis.com\/es\/sobre-nosotros\/oferta-de-trabajo\/","title":{"rendered":"Oferta de trabajo"},"content":{"rendered":"\t\t<div data-elementor-type=\"wp-page\" data-elementor-id=\"3949\" class=\"elementor elementor-3949 elementor-3112\" data-elementor-post-type=\"page\">\n\t\t\t\t<div class=\"elementor-element elementor-element-eef3443 e-con-full e-flex elementor-invisible e-con e-parent\" data-id=\"eef3443\" data-element_type=\"container\" data-e-type=\"container\" data-settings=\"{&quot;animation&quot;:&quot;fadeIn&quot;}\">\n\t\t<div class=\"elementor-element elementor-element-ade4b4a e-con-full container__l e-flex e-con e-child\" data-id=\"ade4b4a\" data-element_type=\"container\" data-e-type=\"container\">\n\t\t<div class=\"elementor-element elementor-element-d47dfb2 e-con-full e-flex e-con e-child\" data-id=\"d47dfb2\" data-element_type=\"container\" data-e-type=\"container\">\n\t\t\t\t<div class=\"elementor-element elementor-element-76059c1 elementor-widget elementor-widget-heading\" data-id=\"76059c1\" data-element_type=\"widget\" data-e-type=\"widget\" data-widget_type=\"heading.default\">\n\t\t\t\t<div class=\"elementor-widget-container\">\n\t\t\t\t\t<h2 class=\"elementor-heading-title elementor-size-default\">Trabajar en Injectis<\/h2>\t\t\t\t<\/div>\n\t\t\t\t<\/div>\n\t\t\t\t<div class=\"elementor-element elementor-element-d8f3c4f elementor-widget elementor-widget-text-editor\" data-id=\"d8f3c4f\" data-element_type=\"widget\" data-e-type=\"widget\" data-widget_type=\"text-editor.default\">\n\t\t\t\t<div class=\"elementor-widget-container\">\n\t\t\t\t\t\t\t\t\t<p>En Injectis, todo gira en torno a la precisi\u00f3n, la innovaci\u00f3n y un fuerte esp\u00edritu de equipo. Estamos especializados en t\u00e9cnicas de inyecci\u00f3n avanzadas, y lo hacemos con un equipo muy unido de profesionales cualificados que trabajan juntos cada d\u00eda para conseguir los mejores resultados. <\/p><p>Nuestros empleados son el coraz\u00f3n palpitante de nuestra organizaci\u00f3n. Tanto si trabajas in situ como en la oficina, Injectis te ofrece la oportunidad de contribuir a proyectos desafiantes en una empresa en crecimiento e impulsada por la tecnolog\u00eda. Nos preocupamos por el desarrollo personal, un entorno de trabajo seguro y una mentalidad abierta y humana donde la confianza es clave.  <\/p><p>Creemos en la iniciativa, la responsabilidad y la comunicaci\u00f3n abierta. Trabajar en Injectis significa formar parte de un equipo en el que influyes, en el que tus ideas importan y en el que la satisfacci\u00f3n laboral es lo primero. <\/p>\t\t\t\t\t\t\t\t<\/div>\n\t\t\t\t<\/div>\n\t\t\t\t<\/div>\n\t\t<div class=\"elementor-element elementor-element-15b1c37 e-con-full e-flex e-con e-child\" data-id=\"15b1c37\" data-element_type=\"container\" data-e-type=\"container\">\n\t\t\t\t<div class=\"elementor-element elementor-element-8b266e8 elementor-widget elementor-widget-image\" data-id=\"8b266e8\" data-element_type=\"widget\" data-e-type=\"widget\" data-widget_type=\"image.default\">\n\t\t\t\t<div class=\"elementor-widget-container\">\n\t\t\t\t\t\t\t\t\t\t\t\t\t\t\t<img fetchpriority=\"high\" decoding=\"async\" width=\"800\" height=\"513\" src=\"https:\/\/injectis.com\/wp-content\/uploads\/2025\/05\/injectis-team-v3-resized-1024x656.jpg\" class=\"attachment-large size-large wp-image-3377\" alt=\"\" srcset=\"https:\/\/injectis.com\/wp-content\/uploads\/2025\/05\/injectis-team-v3-resized-1024x656.jpg 1024w, https:\/\/injectis.com\/wp-content\/uploads\/2025\/05\/injectis-team-v3-resized-300x192.jpg 300w, https:\/\/injectis.com\/wp-content\/uploads\/2025\/05\/injectis-team-v3-resized-768x492.jpg 768w, https:\/\/injectis.com\/wp-content\/uploads\/2025\/05\/injectis-team-v3-resized-1536x984.jpg 1536w, https:\/\/injectis.com\/wp-content\/uploads\/2025\/05\/injectis-team-v3-resized.jpg 1892w\" sizes=\"(max-width: 800px) 100vw, 800px\" \/>\t\t\t\t\t\t\t\t\t\t\t\t\t\t\t<\/div>\n\t\t\t\t<\/div>\n\t\t\t\t<\/div>\n\t\t\t\t<\/div>\n\t\t<div class=\"elementor-element elementor-element-ed4548e e-flex e-con-boxed e-con e-child\" data-id=\"ed4548e\" data-element_type=\"container\" data-e-type=\"container\" data-settings=\"{&quot;background_background&quot;:&quot;classic&quot;}\">\n\t\t\t\t\t<div class=\"e-con-inner\">\n\t\t<div class=\"elementor-element elementor-element-81fc41c e-con-full e-flex e-con e-child\" data-id=\"81fc41c\" data-element_type=\"container\" data-e-type=\"container\" data-settings=\"{&quot;background_background&quot;:&quot;classic&quot;}\">\n\t\t<div class=\"elementor-element elementor-element-38369ca e-con-full e-flex e-con e-child\" data-id=\"38369ca\" data-element_type=\"container\" data-e-type=\"container\">\n\t\t\t\t<div class=\"elementor-element elementor-element-b18ac61 elementor-widget elementor-widget-heading\" data-id=\"b18ac61\" data-element_type=\"widget\" data-e-type=\"widget\" data-widget_type=\"heading.default\">\n\t\t\t\t<div class=\"elementor-widget-container\">\n\t\t\t\t\t<h2 class=\"elementor-heading-title elementor-size-default\">Solicitud abierta<\/h2>\t\t\t\t<\/div>\n\t\t\t\t<\/div>\n\t\t\t\t<div class=\"elementor-element elementor-element-8342b01 elementor-widget elementor-widget-text-editor\" data-id=\"8342b01\" data-element_type=\"widget\" data-e-type=\"widget\" data-widget_type=\"text-editor.default\">\n\t\t\t\t<div class=\"elementor-widget-container\">\n\t\t\t\t\t\t\t\t\t<p>\u00bfNo ves una vacante actual que se ajuste a tu perfil, pero sigues pensando que ser\u00edas una gran incorporaci\u00f3n a nuestro equipo? \u00a1Nos encantar\u00eda conocerte ! <\/p><p>Injectis siempre busca personas motivadas y apasionadas por su trabajo. Tanto si eres un profesional con experiencia como si acabas de empezar tu carrera, si crees que encajas con nosotros, no dudes a contactarnos. <\/p>\t\t\t\t\t\t\t\t<\/div>\n\t\t\t\t<\/div>\n\t\t\t\t<\/div>\n\t\t<div class=\"elementor-element elementor-element-41f080e e-con-full e-flex e-con e-child\" data-id=\"41f080e\" data-element_type=\"container\" data-e-type=\"container\">\n\t\t\t\t<div class=\"elementor-element elementor-element-b644aee elementor-widget elementor-widget-button\" data-id=\"b644aee\" data-element_type=\"widget\" data-e-type=\"widget\" data-widget_type=\"button.default\">\n\t\t\t\t<div class=\"elementor-widget-container\">\n\t\t\t\t\t\t\t\t\t<div class=\"elementor-button-wrapper\">\n\t\t\t\t\t<a class=\"elementor-button elementor-button-link elementor-size-sm\" href=\"https:\/\/injectis.com\/es\/contacto\/\">\n\t\t\t\t\t\t<span class=\"elementor-button-content-wrapper\">\n\t\t\t\t\t\t\t\t\t<span class=\"elementor-button-text\">Contacta con nosotros<\/span>\n\t\t\t\t\t<\/span>\n\t\t\t\t\t<\/a>\n\t\t\t\t<\/div>\n\t\t\t\t\t\t\t\t<\/div>\n\t\t\t\t<\/div>\n\t\t\t\t<\/div>\n\t\t\t\t<\/div>\n\t\t\t\t\t<\/div>\n\t\t\t\t<\/div>\n\t\t\t\t<\/div>\n\t\t<div class=\"elementor-element elementor-element-abc8f70 e-con-full elementor-hidden-desktop elementor-hidden-laptop elementor-hidden-tablet_extra elementor-hidden-tablet elementor-hidden-mobile_extra elementor-hidden-mobile e-flex elementor-invisible e-con e-parent\" data-id=\"abc8f70\" data-element_type=\"container\" data-e-type=\"container\" data-settings=\"{&quot;animation&quot;:&quot;fadeIn&quot;}\">\n\t\t<div class=\"elementor-element elementor-element-1119364 e-con-full container__l e-flex e-con e-child\" data-id=\"1119364\" data-element_type=\"container\" data-e-type=\"container\">\n\t\t<div class=\"elementor-element elementor-element-b91f240 e-con-full e-flex e-con e-child\" data-id=\"b91f240\" data-element_type=\"container\" data-e-type=\"container\">\n\t\t\t\t<div class=\"elementor-element elementor-element-09e9774 elementor-widget elementor-widget-image\" data-id=\"09e9774\" data-element_type=\"widget\" data-e-type=\"widget\" data-widget_type=\"image.default\">\n\t\t\t\t<div class=\"elementor-widget-container\">\n\t\t\t\t\t\t\t\t\t\t\t\t\t\t\t<img decoding=\"async\" width=\"768\" height=\"576\" src=\"https:\/\/injectis.com\/wp-content\/uploads\/2024\/06\/IMG_4911-baja-768x576-1.webp\" class=\"attachment-large size-large wp-image-700\" alt=\"\" srcset=\"https:\/\/injectis.com\/wp-content\/uploads\/2024\/06\/IMG_4911-baja-768x576-1.webp 768w, https:\/\/injectis.com\/wp-content\/uploads\/2024\/06\/IMG_4911-baja-768x576-1-300x225.webp 300w\" sizes=\"(max-width: 768px) 100vw, 768px\" \/>\t\t\t\t\t\t\t\t\t\t\t\t\t\t\t<\/div>\n\t\t\t\t<\/div>\n\t\t\t\t<\/div>\n\t\t<div class=\"elementor-element elementor-element-7af2639 e-con-full e-flex e-con e-child\" data-id=\"7af2639\" data-element_type=\"container\" data-e-type=\"container\">\n\t\t\t\t<div class=\"elementor-element elementor-element-b6c4298 elementor-widget elementor-widget-heading\" data-id=\"b6c4298\" data-element_type=\"widget\" data-e-type=\"widget\" data-widget_type=\"heading.default\">\n\t\t\t\t<div class=\"elementor-widget-container\">\n\t\t\t\t\t<h2 class=\"elementor-heading-title elementor-size-default\">Inyector en el pa\u00eds y en el extranjero<\/h2>\t\t\t\t<\/div>\n\t\t\t\t<\/div>\n\t\t\t\t<div class=\"elementor-element elementor-element-51068f3 elementor-widget elementor-widget-text-editor\" data-id=\"51068f3\" data-element_type=\"widget\" data-e-type=\"widget\" data-widget_type=\"text-editor.default\">\n\t\t\t\t<div class=\"elementor-widget-container\">\n\t\t\t\t\t\t\t\t\t<p>Te unir\u00e1s a un equipo peque\u00f1o y c\u00e1lido con una actitud colegiada y positiva. Tras una amplia formaci\u00f3n \u00absobre el terreno\u00bb, acabar\u00e1s siendo responsable del manejo de un dispositivo de inyecci\u00f3n como inyector. <\/p><p>Por tanto, se espera que hayas trabajado antes con una m\u00e1quina de construcci\u00f3n (agr\u00edcola) y que tengas cierta sensibilidad al respecto. Junto con tus compa\u00f1eros, llegar\u00e1s a lugares a los que normalmente no ir\u00edas, y esto tanto en tu pa\u00eds como en el extranjero. <\/p><p>Puedes trabajar de forma independiente, eres un MacGyver hasta cierto punto y trabajas bien en equipo. Las misiones en el extranjero no te desaniman. As\u00ed que est\u00e1s acostumbrado a viajar a veces.  <\/p><p>No tienes miedo a ensuciarte las manos y valoras tu seguridad y la de tus compa\u00f1eros. Si tienes o est\u00e1s dispuesto a obtener el carn\u00e9 de conducir C o CE, tendr\u00e1s sin duda la oportunidad de ascender a supervisor de obra y tomar las riendas de proyectos hermosos y desafiantes. <\/p><p>En funci\u00f3n de tus ambiciones y deseos, nuestra colaboraci\u00f3n puede desarrollarse en r\u00e9gimen asalariado o aut\u00f3nomo.<\/p>\t\t\t\t\t\t\t\t<\/div>\n\t\t\t\t<\/div>\n\t\t\t\t<div class=\"elementor-element elementor-element-c68e324 elementor-widget elementor-widget-heading\" data-id=\"c68e324\" data-element_type=\"widget\" data-e-type=\"widget\" data-widget_type=\"heading.default\">\n\t\t\t\t<div class=\"elementor-widget-container\">\n\t\t\t\t\t<h2 class=\"elementor-heading-title elementor-size-default\">\u00bfTe interesa?<\/h2>\t\t\t\t<\/div>\n\t\t\t\t<\/div>\n\t\t\t\t<div class=\"elementor-element elementor-element-5bb7979 elementor-widget elementor-widget-text-editor\" data-id=\"5bb7979\" data-element_type=\"widget\" data-e-type=\"widget\" data-widget_type=\"text-editor.default\">\n\t\t\t\t<div class=\"elementor-widget-container\">\n\t\t\t\t\t\t\t\t\t<p>Ponte en contacto con Jeroen por correo electr\u00f3nico<a href=\"mailto:jeroen@injectis.com\">(jeroen@injectis.com)<\/a>, tel\u00e9fono o Whatsapp<a href=\"tel:+32474368545\">(+32 474 36 85 45<\/a>)<\/p>\t\t\t\t\t\t\t\t<\/div>\n\t\t\t\t<\/div>\n\t\t\t\t<\/div>\n\t\t\t\t<\/div>\n\t\t\t\t<\/div>\n\t\t\t\t<\/div>\n\t\t","protected":false},"excerpt":{"rendered":"<p>Trabajar en Injectis En Injectis, todo gira en torno a la precisi\u00f3n, la innovaci\u00f3n y un fuerte esp\u00edritu de equipo. Estamos especializados en t\u00e9cnicas de inyecci\u00f3n avanzadas, y lo hacemos con un equipo muy unido de profesionales cualificados que trabajan juntos cada d\u00eda para conseguir los mejores resultados. Nuestros empleados son el coraz\u00f3n palpitante de [&hellip;]<\/p>\n","protected":false},"author":10,"featured_media":0,"parent":3945,"menu_order":13,"comment_status":"closed","ping_status":"closed","template":"","meta":{"_acf_changed":false,"footnotes":""},"class_list":["post-3949","page","type-page","status-publish","hentry"],"acf":[],"yoast_head":"<!-- This site is optimized with the Yoast SEO plugin v27.6 - https:\/\/yoast.com\/product\/yoast-seo-wordpress\/ -->\n<title>Oferta de trabajo - Injectis<\/title>\n<meta name=\"robots\" content=\"index, follow, max-snippet:-1, max-image-preview:large, max-video-preview:-1\" \/>\n<link rel=\"canonical\" href=\"https:\/\/injectis.com\/es\/sobre-nosotros\/oferta-de-trabajo\/\" \/>\n<meta property=\"og:locale\" content=\"es_ES\" \/>\n<meta property=\"og:type\" content=\"article\" \/>\n<meta property=\"og:title\" content=\"Oferta de trabajo - Injectis\" \/>\n<meta property=\"og:description\" content=\"Trabajar en Injectis En Injectis, todo gira en torno a la precisi\u00f3n, la innovaci\u00f3n y un fuerte esp\u00edritu de equipo. Estamos especializados en t\u00e9cnicas de inyecci\u00f3n avanzadas, y lo hacemos con un equipo muy unido de profesionales cualificados que trabajan juntos cada d\u00eda para conseguir los mejores resultados. Nuestros empleados son el coraz\u00f3n palpitante de [&hellip;]\" \/>\n<meta property=\"og:url\" content=\"https:\/\/injectis.com\/es\/sobre-nosotros\/oferta-de-trabajo\/\" \/>\n<meta property=\"og:site_name\" content=\"Injectis\" \/>\n<meta property=\"article:modified_time\" content=\"2025-07-23T07:55:12+00:00\" \/>\n<meta property=\"og:image\" content=\"https:\/\/injectis.com\/wp-content\/uploads\/2025\/05\/injectis-team-v3-resized-1024x656.jpg\" \/>\n<meta name=\"twitter:card\" content=\"summary_large_image\" \/>\n<meta name=\"twitter:label1\" content=\"Tiempo de lectura\" \/>\n\t<meta name=\"twitter:data1\" content=\"3 minutos\" \/>\n<script type=\"application\/ld+json\" class=\"yoast-schema-graph\">{\"@context\":\"https:\\\/\\\/schema.org\",\"@graph\":[{\"@type\":\"WebPage\",\"@id\":\"https:\\\/\\\/injectis.com\\\/es\\\/sobre-nosotros\\\/oferta-de-trabajo\\\/\",\"url\":\"https:\\\/\\\/injectis.com\\\/es\\\/sobre-nosotros\\\/oferta-de-trabajo\\\/\",\"name\":\"Oferta de trabajo - Injectis\",\"isPartOf\":{\"@id\":\"https:\\\/\\\/injectis.com\\\/es\\\/#website\"},\"primaryImageOfPage\":{\"@id\":\"https:\\\/\\\/injectis.com\\\/es\\\/sobre-nosotros\\\/oferta-de-trabajo\\\/#primaryimage\"},\"image\":{\"@id\":\"https:\\\/\\\/injectis.com\\\/es\\\/sobre-nosotros\\\/oferta-de-trabajo\\\/#primaryimage\"},\"thumbnailUrl\":\"https:\\\/\\\/injectis.com\\\/wp-content\\\/uploads\\\/2025\\\/05\\\/injectis-team-v3-resized-1024x656.jpg\",\"datePublished\":\"2025-05-19T09:18:41+00:00\",\"dateModified\":\"2025-07-23T07:55:12+00:00\",\"breadcrumb\":{\"@id\":\"https:\\\/\\\/injectis.com\\\/es\\\/sobre-nosotros\\\/oferta-de-trabajo\\\/#breadcrumb\"},\"inLanguage\":\"es\",\"potentialAction\":[{\"@type\":\"ReadAction\",\"target\":[\"https:\\\/\\\/injectis.com\\\/es\\\/sobre-nosotros\\\/oferta-de-trabajo\\\/\"]}]},{\"@type\":\"ImageObject\",\"inLanguage\":\"es\",\"@id\":\"https:\\\/\\\/injectis.com\\\/es\\\/sobre-nosotros\\\/oferta-de-trabajo\\\/#primaryimage\",\"url\":\"https:\\\/\\\/injectis.com\\\/wp-content\\\/uploads\\\/2025\\\/05\\\/injectis-team-v3-resized-1024x656.jpg\",\"contentUrl\":\"https:\\\/\\\/injectis.com\\\/wp-content\\\/uploads\\\/2025\\\/05\\\/injectis-team-v3-resized-1024x656.jpg\"},{\"@type\":\"BreadcrumbList\",\"@id\":\"https:\\\/\\\/injectis.com\\\/es\\\/sobre-nosotros\\\/oferta-de-trabajo\\\/#breadcrumb\",\"itemListElement\":[{\"@type\":\"ListItem\",\"position\":1,\"name\":\"Home\",\"item\":\"https:\\\/\\\/injectis.com\\\/es\\\/\"},{\"@type\":\"ListItem\",\"position\":2,\"name\":\"Sobre nosotros\",\"item\":\"https:\\\/\\\/injectis.com\\\/es\\\/sobre-nosotros\\\/\"},{\"@type\":\"ListItem\",\"position\":3,\"name\":\"Oferta de trabajo\"}]},{\"@type\":\"WebSite\",\"@id\":\"https:\\\/\\\/injectis.com\\\/es\\\/#website\",\"url\":\"https:\\\/\\\/injectis.com\\\/es\\\/\",\"name\":\"Injectis\",\"description\":\"\",\"potentialAction\":[{\"@type\":\"SearchAction\",\"target\":{\"@type\":\"EntryPoint\",\"urlTemplate\":\"https:\\\/\\\/injectis.com\\\/es\\\/?s={search_term_string}\"},\"query-input\":{\"@type\":\"PropertyValueSpecification\",\"valueRequired\":true,\"valueName\":\"search_term_string\"}}],\"inLanguage\":\"es\"}]}<\/script>\n<!-- \/ Yoast SEO plugin. -->","yoast_head_json":{"title":"Oferta de trabajo - Injectis","robots":{"index":"index","follow":"follow","max-snippet":"max-snippet:-1","max-image-preview":"max-image-preview:large","max-video-preview":"max-video-preview:-1"},"canonical":"https:\/\/injectis.com\/es\/sobre-nosotros\/oferta-de-trabajo\/","og_locale":"es_ES","og_type":"article","og_title":"Oferta de trabajo - Injectis","og_description":"Trabajar en Injectis En Injectis, todo gira en torno a la precisi\u00f3n, la innovaci\u00f3n y un fuerte esp\u00edritu de equipo. Estamos especializados en t\u00e9cnicas de inyecci\u00f3n avanzadas, y lo hacemos con un equipo muy unido de profesionales cualificados que trabajan juntos cada d\u00eda para conseguir los mejores resultados. Nuestros empleados son el coraz\u00f3n palpitante de [&hellip;]","og_url":"https:\/\/injectis.com\/es\/sobre-nosotros\/oferta-de-trabajo\/","og_site_name":"Injectis","article_modified_time":"2025-07-23T07:55:12+00:00","og_image":[{"url":"https:\/\/injectis.com\/wp-content\/uploads\/2025\/05\/injectis-team-v3-resized-1024x656.jpg","type":"","width":"","height":""}],"twitter_card":"summary_large_image","twitter_misc":{"Tiempo de lectura":"3 minutos"},"schema":{"@context":"https:\/\/schema.org","@graph":[{"@type":"WebPage","@id":"https:\/\/injectis.com\/es\/sobre-nosotros\/oferta-de-trabajo\/","url":"https:\/\/injectis.com\/es\/sobre-nosotros\/oferta-de-trabajo\/","name":"Oferta de trabajo - Injectis","isPartOf":{"@id":"https:\/\/injectis.com\/es\/#website"},"primaryImageOfPage":{"@id":"https:\/\/injectis.com\/es\/sobre-nosotros\/oferta-de-trabajo\/#primaryimage"},"image":{"@id":"https:\/\/injectis.com\/es\/sobre-nosotros\/oferta-de-trabajo\/#primaryimage"},"thumbnailUrl":"https:\/\/injectis.com\/wp-content\/uploads\/2025\/05\/injectis-team-v3-resized-1024x656.jpg","datePublished":"2025-05-19T09:18:41+00:00","dateModified":"2025-07-23T07:55:12+00:00","breadcrumb":{"@id":"https:\/\/injectis.com\/es\/sobre-nosotros\/oferta-de-trabajo\/#breadcrumb"},"inLanguage":"es","potentialAction":[{"@type":"ReadAction","target":["https:\/\/injectis.com\/es\/sobre-nosotros\/oferta-de-trabajo\/"]}]},{"@type":"ImageObject","inLanguage":"es","@id":"https:\/\/injectis.com\/es\/sobre-nosotros\/oferta-de-trabajo\/#primaryimage","url":"https:\/\/injectis.com\/wp-content\/uploads\/2025\/05\/injectis-team-v3-resized-1024x656.jpg","contentUrl":"https:\/\/injectis.com\/wp-content\/uploads\/2025\/05\/injectis-team-v3-resized-1024x656.jpg"},{"@type":"BreadcrumbList","@id":"https:\/\/injectis.com\/es\/sobre-nosotros\/oferta-de-trabajo\/#breadcrumb","itemListElement":[{"@type":"ListItem","position":1,"name":"Home","item":"https:\/\/injectis.com\/es\/"},{"@type":"ListItem","position":2,"name":"Sobre nosotros","item":"https:\/\/injectis.com\/es\/sobre-nosotros\/"},{"@type":"ListItem","position":3,"name":"Oferta de trabajo"}]},{"@type":"WebSite","@id":"https:\/\/injectis.com\/es\/#website","url":"https:\/\/injectis.com\/es\/","name":"Injectis","description":"","potentialAction":[{"@type":"SearchAction","target":{"@type":"EntryPoint","urlTemplate":"https:\/\/injectis.com\/es\/?s={search_term_string}"},"query-input":{"@type":"PropertyValueSpecification","valueRequired":true,"valueName":"search_term_string"}}],"inLanguage":"es"}]}},"_links":{"self":[{"href":"https:\/\/injectis.com\/es\/wp-json\/wp\/v2\/pages\/3949","targetHints":{"allow":["GET"]}}],"collection":[{"href":"https:\/\/injectis.com\/es\/wp-json\/wp\/v2\/pages"}],"about":[{"href":"https:\/\/injectis.com\/es\/wp-json\/wp\/v2\/types\/page"}],"author":[{"embeddable":true,"href":"https:\/\/injectis.com\/es\/wp-json\/wp\/v2\/users\/10"}],"replies":[{"embeddable":true,"href":"https:\/\/injectis.com\/es\/wp-json\/wp\/v2\/comments?post=3949"}],"version-history":[{"count":4,"href":"https:\/\/injectis.com\/es\/wp-json\/wp\/v2\/pages\/3949\/revisions"}],"predecessor-version":[{"id":4025,"href":"https:\/\/injectis.com\/es\/wp-json\/wp\/v2\/pages\/3949\/revisions\/4025"}],"up":[{"embeddable":true,"href":"https:\/\/injectis.com\/es\/wp-json\/wp\/v2\/pages\/3945"}],"wp:attachment":[{"href":"https:\/\/injectis.com\/es\/wp-json\/wp\/v2\/media?parent=3949"}],"curies":[{"name":"wp","href":"https:\/\/api.w.org\/{rel}","templated":true}]}}